{"id":132,"date":"2015-05-12T14:18:33","date_gmt":"2015-05-12T14:18:33","guid":{"rendered":"http:\/\/crosmos.aau.at\/?page_id=132"},"modified":"2015-05-12T14:20:33","modified_gmt":"2015-05-12T14:20:33","slug":"132-2","status":"publish","type":"page","link":"https:\/\/crosmos.aau.at\/?page_id=132","title":{"rendered":"Teilnahmebedingungen der STW Gruppe"},"content":{"rendered":"<p><strong>Allgemeine Teilnahmebedingungen f\u00fcr Gewinnspiele der STW Gruppe<\/strong><\/p>\n<p><strong><\/strong><br \/>\n<strong>1. Allgemeines zu Veranstalter und Veranstaltung<\/strong><br \/>\nDie Stadtwerke Klagenfurt Aktiengesellschaft, FN 199234t, St. Veiter Stra\u00dfe 31, 9020 Klagenfurt und ihre Tochtergesellschaften (im Folgenden \u201eSTW Gruppe\u201c) veranstalten Gewinnspiele, bei denen die Teilnehmer diverse Preise gewinnen k\u00f6nnen.Der genaue Ablauf sowie die Laufzeit der Gewinnspiele samt Einsendeschluss und die Preise werden in speziellen Teilnahmebedingungen zum jeweiligen Gewinnspiel geregelt. Im Folgenden werden die allgemeinen Teilnahmebedingungen f\u00fcr Gewinnspiele der STW Gruppe festgelegt. Mit der Teilnahme am Gewinnspiel, die beispielsweise durch Upload von Fotos oder eingegebenen Texten auf den Facebook-Seiten der STW Gruppe, mit Absenden der Teilnahme E-Mail oder mit Absenden der Teilnahmekarte per Post etc. erfolgt, akzeptieren die Teilnehmer nachfolgende allgemeine Bedingungen:<\/p>\n<p><strong>2. Teilnahme<\/strong><br \/>\nDie Teilnahme an den Gewinnspielen der STW Gruppe ist kostenlos, freiwillig und mit keiner Kaufverpflichtung verbunden.<\/p>\n<p><strong>3. Teilnehmerregistrierung und Datenschutz<\/strong><br \/>\nAusgeschlossen von der Teilnahme an Gewinnspielen der STW Gruppe sind minderj\u00e4hrige Teilnehmer, die also das 18. Lebensjahr noch nicht vollendet haben, Mitarbeiter der STW Gruppe und ihre nahen Angeh\u00f6rigen (iSd \u00a7 32 IO).Ausnahmen: Bei kleineren Gewinnen, die nur zu ihrem Vorteil sind und keine Belastungen ausl\u00f6sen wie Tageskarten f\u00fcr das Strandbad, Busfahrkarten sowie Eintrittskarten f\u00fcr Fu\u00dfball- und Eishockeyspiele, d\u00fcrfen (m\u00fcndige) Minderj\u00e4hrige ab 14 Jahren an den Gewinnspielen teilnehmen. Der Teilnehmer verpflichtet sich die geforderten Angaben zu seiner Person wahrheitsgem\u00e4\u00df anzugeben. Bei einem Versto\u00df gegen diese Verpflichtung ist die STW Gruppe berechtigt den Teilnehmer gem\u00e4\u00df Punkt 8. von der Teilnahme am Gewinnspiel auszuschlie\u00dfen. Der Teilnehmer stimmt ausdr\u00fccklich zu, dass seine personenbezogenen Daten, n\u00e4mlich Name, Adresse, Geburtsdatum, E-Mail-Adresse, Telefonnummer, zum Zwecke der Gewinnabwicklung von der STW Gruppe verarbeitet und gespeichert werden d\u00fcrfen. Diese Zustimmung kann vom Teilnehmer jederzeit telefonisch, per E-Mail oder mittels Brief widerrufen werden.<\/p>\n<p><strong>4. Fotowettbewerbe<\/strong><br \/>\nBei Veranstaltung von Fotowettbewerben durch die STW Gruppe gelten folgende zus\u00e4tzlichen Bedingungen:<\/p>\n<p><strong>4.1. Inhalt der Fotos<\/strong><br \/>\nAnst\u00f6\u00dfige, rassistische, gewaltverherrlichende, diskriminierende oder beleidigende Fotos werden von der STW Gruppe ohne Benachrichtigung umgehend entfernt. Der entsprechende Teilnehmer wird an der weiteren Teilnahme ausgeschlossen.<\/p>\n<p><strong>4.2. Zusicherungen des Teilnehmers<\/strong><br \/>\nDer Teilnehmer sichert zu, dass er \u00fcber alle erforderlichen Rechte am Foto verf\u00fcgt und durch die Ver\u00f6ffentlichung der Fotos keine Rechte Dritter, insbesondere Pers\u00f6nlichkeitsrechte, Urheberrechte, Markenrechte etc., verletzt werden.In diesem Zusammenhang ist insbesondere Folgendes zu beachten: Bei Abbildung von Personen muss die abgebildete Person mit der Ver\u00f6ffentlichung ihres Bildes einverstanden sein Teilnehmer m\u00fcssen zur Nutzung des Fotos berechtigt sein, was dann der Fall ist, wenn das Foto selbst angefertigt oder die Zustimmung des Fotografen oder der sonstigen Berechtigten eingeholt wurde. Gesch\u00fctzte Marken oder andere Immaterialg\u00fcter d\u00fcrfen nur genutzt werden, wenn der Teilnehmer ein entsprechendes Nutzungsrecht inne hat.<br \/>\nDie STW Gruppe pr\u00fcft nicht ob die hochgeladenen Fotos gegen Rechte Dritter oder die geltenden Gesetze versto\u00dfen. Dies liegt in der alleinigen Verantwortung des Teilnehmers.<\/p>\n<p><strong>4.3. Nutzungsrechte<\/strong><br \/>\nDer Teilnehmer r\u00e4umt der STW Gruppe das unentgeltliche, unwiderrufliche, nicht ausschlie\u00dfliche, zeitlich und \u00f6rtliche unbegrenzte Recht ein, die im Rahmen von Fotowettbewerben zur Verf\u00fcgung gestellten Fotos zu nutzen. Die Fotos k\u00f6nnen im Zusammenhang mit der Berichterstattung oder Werbung dar\u00fcber in den Medien, beispielsweise in Tageszeitungen oder aber auch in Kundenmagazin der STW Gruppe etc. ver\u00f6ffentlicht werden. Des Weiteren d\u00fcrfen die Fotos vervielf\u00e4ltigt, verbreitet (insbesondere im Magazin licht.blick), vorgef\u00fchrt, gesendet, archiviert und der \u00d6ffentlichkeit zur Verf\u00fcgung gestellt werden.<\/p>\n<p><strong>4.4. Zustimmungserkl\u00e4rung<\/strong><br \/>\nDie Teilnehmer stimmen ausdr\u00fccklich zu, dass ihr Name zusammen mit den Fotos ver\u00f6ffentlicht werden und im Falle eines Gewinns ihr Name zum Zwecke der Bekanntmachung in den Medien, insbesondere im Kundenmagazin licht.blick. aber auch in den Tageszeitungen, ver\u00f6ffentlicht werden.<\/p>\n<p><strong>5. Einsendeschluss<\/strong><br \/>\nDer Einsendeschluss f\u00fcr die Teilnahme an den einzelnen Gewinnspielen wird immer bei der Ver\u00f6ffentlichung der Gewinnspiele bekanntgegeben. Nach diesem Zeitpunkt einlangende Fotos oder Antworten nehmen nicht mehr am Gewinnspiel teil.<\/p>\n<p><strong>6. Vorzeitige Beendigung<\/strong><br \/>\nSTW Gruppe beh\u00e4lt sich vor, Gewinnspiele, die Gl\u00fccksvertr\u00e4ge darstellen, zu jedem Zeitpunkt ohne Vorank\u00fcndigung und ohne Angabe von Gr\u00fcnden abzubrechen oder zu beenden. Von dieser M\u00f6glichkeit macht die STW Gruppe insbesondere dann Gebrauch, wenn aus technischen Gr\u00fcnden (z.B. Viren im Computersystem, Manipulation oder Fehler in der Hard- und\/oder Software) oder aus sonstigen Gr\u00fcnden eine ordnungsgem\u00e4\u00dfe Durchf\u00fchrung des Spieles nicht gew\u00e4hrleistet werden kann.<\/p>\n<p>Stellt das Gewinnspiel der STW Gruppe eine Auslobung im Sinne des \u00a7 860 ABGB dar, kann die Auslobung bis zur Vollendung der Leistung widerrufen werden (\u00a7 860a ABGB).<\/p>\n<p><strong>7. Durchf\u00fchrung und Abwicklung<\/strong><br \/>\n<strong>(1)<\/strong> Die Gewinner werden von der STW Gruppe benachrichtigt. Gleichzeitig stimmt der Teilnehmer zu, dass sein Vorname in Verbindung mit dem Wohnsitz zum Zwecke der Bekanntgabe der Gewinner der jeweiligen Gewinnspiele auf Facebook, in den Medien, insbesondere im Kundenmagazin licht.blick, aber auch in den Tageszeitungen, ver\u00f6ffentlicht werden darf. Diese Zustimmung kann vom Teilnehmer jederzeit telefonisch, per E-Mail oder mittels Brief widerrufen werden. Weiters stimmt der Teilnehmer zu, dass die STW-Gruppe die personenbezogenen Daten des Gewinners, n\u00e4mlich Name, Adresse, E-Mail Adresse und Telefonnummer an den Preissponsor bzw. Kooperationspartner \u00fcbermitteln darf, um eine Aush\u00e4ndigung des Gewinnes zu erm\u00f6glichen. Falls der STW Gruppe nur die E-Mail-Adresse des Gewinners bekannt ist, wird der Gewinner per E-Mail oder im Facebook auf der Pinnwand\/Pers\u00f6nliche Nachricht benachrichtigt. Meldet sich der Gewinner nicht innerhalb von vier Wochen nach dem Absenden der Benachrichtigung, so verf\u00e4llt der Anspruch auf den Gewinn und es wird per Los ein neuer Gewinner ermittelt.<\/p>\n<p><strong>(2)<\/strong> Die Preise sind entweder pers\u00f6nlich vom Gewinner in den Gesch\u00e4ftsr\u00e4umen der Stadtwerke Klagenfurt Aktiengesellschaft abzuholen oder werden bei Bekanntgabe der Adresse per Post versendet. Die Lieferung erfolgt innerhalb \u00d6sterreichs frei Haus. Die dar\u00fcber hinaus anfallende Transportkosten und Z\u00f6lle hat der Gewinner zu tragen.<\/p>\n<p><strong>(3)<\/strong> Bei Reisegewinnen erfolgt die Abwicklung ausschlie\u00dflich im direkten Kontakt zwischen dem Gewinner und dem jeweiligen Preissponsor bzw. einem von diesem beauftragen Reisveranstalter. Der Gewinner hat daher keine unmittelbaren Anspr\u00fcche gegen eine Gesellschaft der STW Gruppe aufgrund und im Zusammenhang mit der Reisedurchf\u00fchrung. Sofern ein Reisetermin nicht schon im Gewinnspiel selbst vorgegeben wird, ist die Terminfestlegung f\u00fcr die Reise allein dem Preissponsor bzw. Reiseveranstalter vorbehalten. Ein Anspruch auf einen bestimmten Reisetermin besteht nicht. Wird die Reise nicht zu dem vom Preissponsor bzw. Reiseveranstalter vorgegeben Termin oder Zeitraum durchgef\u00fchrt, besteht kein Anspruch mehr auf den Gewinn. Mit Best\u00e4tigung der Reise unterliegt der Gewinner den Reisebedingungen des Veranstalters.<\/p>\n<p><strong>(4)<\/strong> Die Anreise zum Ausgangspunkt der Reise (Flughafen, Bahnhof, etc.) erfolgt auf Kosten des Gewinners, soweit nichts anderes im Gewinnspiel angegeben oder ausdr\u00fccklich vereinbart wurde. Das Gleiche gilt auch f\u00fcr s\u00e4mtliche Kosten, die w\u00e4hrend der Reise entstehen (Minibar, Telefon, etc.).<\/p>\n<p><strong>(5)<\/strong> Eine Abl\u00f6se der Gewinne in bar ist nicht m\u00f6glich.<\/p>\n<p><strong>8. Ausschluss<\/strong><br \/>\nBei einem Versto\u00df gegen diese Teilnahmebedingungen beh\u00e4lt sich die STW Gruppe das Recht vor, Personen vom Gewinnspiel mit sofortiger Wirkung auszuschlie\u00dfen.<\/p>\n<p><strong>9. Haftung<\/strong><br \/>\n<strong>(1)<\/strong> Die Haftung der STW Gruppe f\u00fcr leichte Fahrl\u00e4ssigkeit wird ausgeschlossen (ausgenommen Personensch\u00e4den).<br \/>\n<strong>(2)<\/strong> F\u00fcr Sach- und\/oder Rechtsm\u00e4ngel an den vom Kooperationspartner\/Preissponsor gestifteten Gewinnen haftet die STW Gruppe nicht. 10. Schlussbestimmungen (1) Der Rechtsweg ist ausgeschlossen. (2) Zwischen der STW Gruppe und den Teilnehmern wird vereinbart, dass ausschlie\u00dflich \u00f6sterreichisches Recht gilt.<br \/>\n<strong>(3)<\/strong> Ausschlie\u00dflicher Gerichtsstand ist Klagenfurt. Diese Vereinbarung gilt nicht f\u00fcr Verbraucher im Sinne des \u00a7 1 KSchG.<\/p>\n","protected":false},"excerpt":{"rendered":"<p>Allgemeine Teilnahmebedingungen f\u00fcr Gewinnspiele der STW Gruppe 1. Allgemeines zu Veranstalter und Veranstaltung Die Stadtwerke Klagenfurt Aktiengesellschaft, FN 199234t, St. Veiter Stra\u00dfe 31, 9020 Klagenfurt und ihre Tochtergesellschaften (im Folgenden \u201eSTW Gruppe\u201c) veranstalten Gewinnspiele, bei denen die Teilnehmer diverse Preise gewinnen k\u00f6nnen.Der genaue Ablauf sowie die Laufzeit der Gewinnspiele samt Einsendeschluss und die Preise werden [&hellip;]<\/p>\n","protected":false},"author":4,"featured_media":0,"parent":0,"menu_order":0,"comment_status":"closed","ping_status":"closed","template":"","meta":{"footnotes":""},"class_list":["post-132","page","type-page","status-publish","hentry"],"_links":{"self":[{"href":"https:\/\/crosmos.aau.at\/index.php?rest_route=\/wp\/v2\/pages\/132","targetHints":{"allow":["GET"]}}],"collection":[{"href":"https:\/\/crosmos.aau.at\/index.php?rest_route=\/wp\/v2\/pages"}],"about":[{"href":"https:\/\/crosmos.aau.at\/index.php?rest_route=\/wp\/v2\/types\/page"}],"author":[{"embeddable":true,"href":"https:\/\/crosmos.aau.at\/index.php?rest_route=\/wp\/v2\/users\/4"}],"replies":[{"embeddable":true,"href":"https:\/\/crosmos.aau.at\/index.php?rest_route=%2Fwp%2Fv2%2Fcomments&post=132"}],"version-history":[{"count":2,"href":"https:\/\/crosmos.aau.at\/index.php?rest_route=\/wp\/v2\/pages\/132\/revisions"}],"predecessor-version":[{"id":134,"href":"https:\/\/crosmos.aau.at\/index.php?rest_route=\/wp\/v2\/pages\/132\/revisions\/134"}],"wp:attachment":[{"href":"https:\/\/crosmos.aau.at\/index.php?rest_route=%2Fwp%2Fv2%2Fmedia&parent=132"}],"curies":[{"name":"wp","href":"https:\/\/api.w.org\/{rel}","templated":true}]}}